{"id":76,"date":"2011-08-20T08:55:04","date_gmt":"2011-08-20T08:55:04","guid":{"rendered":"http:\/\/www.hippocheck.com\/?page_id=76"},"modified":"2014-09-17T22:58:28","modified_gmt":"2014-09-17T22:58:28","slug":"ablauf-der-untersuchungen","status":"publish","type":"page","link":"https:\/\/hippocheck.com\/ankaufsuntersuchung\/ablauf-der-untersuchungen\/","title":{"rendered":"Ablauf der Untersuchungen"},"content":{"rendered":"<p>Die tier\u00e4rztliche (An-)kaufuntersuchung beginnt mit einer so genannten klinischen Untersuchung. Diese Untersuchung beinhaltet, dass das betreffende Pferd in seiner Gesamtheit auf \u00e4u\u00dferliche &#8211; beziehungsweise mit einfachen Hilfsmitteln festzustellende \u2013 (Krankheits-)Symptome hin untersucht wird. Die klinische Untersuchung gibt damit einen ersten Gesamt\u00fcberblick \u00fcber den aktuellen Gesundheitszustand des Pferdes und Hinweise darauf, ob festgestellte Auff\u00e4lligkeiten eventuell im Rahmen von weiterf\u00fchrenden Untersuchungen (z.B. R\u00f6ntgen, Ultraschall, Endoskopie, Laboruntersuchungen) n\u00e4herer Abkl\u00e4rung bed\u00fcrfen.<\/p>\n<p><a href=\"http:\/\/www.hippocheck.com\/ankaufsuntersuchung\/ablauf-der-untersuchungen\/beugeprobe2\/\" rel=\"attachment wp-att-119\"><img loading=\"lazy\" decoding=\"async\" class=\"size-medium wp-image-119  alignleft\" src=\"http:\/\/www.hippocheck.com\/ankaufsuntersuchung\/wp-content\/uploads\/2011\/08\/Beugeprobe2-221x300.jpg\" alt=\"\" width=\"221\" height=\"300\" srcset=\"https:\/\/hippocheck.com\/ankaufsuntersuchung\/wp-content\/uploads\/2011\/08\/Beugeprobe2-221x300.jpg 221w, https:\/\/hippocheck.com\/ankaufsuntersuchung\/wp-content\/uploads\/2011\/08\/Beugeprobe2.jpg 739w\" sizes=\"auto, (max-width: 221px) 100vw, 221px\" \/><\/a><\/p>\n<p>Der Tierarzt beginnt mit einer so genannten \u00dcberblicksuntersuchung bei der er das Pferd zun\u00e4chst adspektorisch auf seinen Allgemein- und Pflegezustand, Exterieurm\u00e4ngel und m\u00f6glicherweise vorhandene veterin\u00e4rmedizinisch relevante Verhaltensauff\u00e4lligkeiten hin beurteilt.<\/p>\n<p>Darauf folgend werden unter anderem das Herz\/Kreislaufsystem, der Atmungs- und Bewegungsapparat, der Magen\/Darmtrakt, die Sinnesorgane, die Hufe, der R\u00fccken und die Haut genauer untersucht.<\/p>\n<p>Das zu untersuchende Tier wird zun\u00e4chst im Stehen genauestens begutachtet und darauf folgend allgemeinmedizinisch untersucht. Der Untersuchung des stehenden Pferdes schlie\u00dft sich eine Untersuchung des Pferdes in der Bewegung an. Hierf\u00fcr wird das Pferd im Schritt und sp\u00e4ter im Trab auf gerader und gebogener Linie vorgef\u00fchrt. Im physiologischen, das hei\u00dft nicht krankhaften Zustand, zeigt sich das Pferd hierbei sowohl lahmfrei im Sinne einer orthop\u00e4dischen Problematik, als auch mit ungest\u00f6rter Bewegungskoordination durch das zentrale Nervensystem.<\/p>\n<p>Im Anschluss daran werden durch den Tierarzt die so genannten Beugeproben durchgef\u00fchrt. Diese dienen dazu, dass subklinische,das hei\u00dft zum Zeitpunkt der Untersuchung noch nicht auff\u00e4llige Abnutzungserscheinungen bzw. pathologische Ver\u00e4nderungen des Bewegungsapparates sichtbar gemacht werden. Hierf\u00fcr belastet der Tierarzt die betroffenen Beinstrukturen des Pferdes \u00fcber einen Zeitraum von ca. 60 Sekunden und l\u00e4sst das Pferd unmittelbar daraufhin antraben. Im Falle eines positiven oder leicht positiven Befundes kann der Tierarzt bei der sp\u00e4teren R\u00f6ntgenuntersuchung an dieser Stelle als erstes ankn\u00fcpfen und bei einer signifikanten festgestellten Ver\u00e4nderung gegebenenfalls weitere Untersuchungen unterlassen, und damit zus\u00e4tzliche Kosten f\u00fcr den Auftraggeber vermeiden.<\/p>\n<p><a href=\"http:\/\/www.hippocheck.com\/ankaufsuntersuchung\/ablauf-der-untersuchungen\/augenuntersuchungankaufsuntersuchung4\/\" rel=\"attachment wp-att-129\"><img loading=\"lazy\" decoding=\"async\" class=\"alignleft size-medium wp-image-129\" title=\"Ankaufsuntersuchung 4\" src=\"http:\/\/www.hippocheck.com\/ankaufsuntersuchung\/wp-content\/uploads\/2011\/08\/AugenuntersuchungAnkaufsuntersuchung4-300x224.jpg\" alt=\"\" width=\"300\" height=\"224\" srcset=\"https:\/\/hippocheck.com\/ankaufsuntersuchung\/wp-content\/uploads\/2011\/08\/AugenuntersuchungAnkaufsuntersuchung4-300x224.jpg 300w, https:\/\/hippocheck.com\/ankaufsuntersuchung\/wp-content\/uploads\/2011\/08\/AugenuntersuchungAnkaufsuntersuchung4-1024x767.jpg 1024w, https:\/\/hippocheck.com\/ankaufsuntersuchung\/wp-content\/uploads\/2011\/08\/AugenuntersuchungAnkaufsuntersuchung4.jpg 1067w\" sizes=\"auto, (max-width: 300px) 100vw, 300px\" \/><\/a>Im Anschluss an die Beugeproben wird ein so genannter Belastungstest durchgef\u00fchrt. Das Pferd wird hierf\u00fcr unter dem Reiter oder an der Longe bewegt und hierbei erneut begutachtet. Hiernach werden im Abstand von einigen Minuten zweimal die Atmungs- und Pulsfrequenz \u00fcberpr\u00fcft. Dabei testet der Tierarzt die Auswirkungen der Belastung auf Herz\/Kreislauf und Atmung und darauf folgend die Dauer, die das Pferd ben\u00f6tigt, um zu den an vorheriger Stelle festgestellten Normalwerten zur\u00fcckzufinden. Dadurch l\u00e4sst sich eruieren, in welcher konditionellen Verfassung das Pferd sich befindet, und ob eventuelle Anzeichen f\u00fcr eine Beeintr\u00e4chtigung des Atmungs- bzw. Herz\/Kreislaufapparates vorliegen. Den Abschluss der klinischen Untersuchung bildet die Inspektion der Maulh\u00f6hle mit einem Maulgatter und schlie\u00dflich die Augenuntersuchung, welche in einem verdunkelten Raum und unter Zuhilfenahme eines Ophthalmoskopes stattfinden sollte. Das Opthalmoskop erm\u00f6glicht durch Vergr\u00f6\u00dferung und die unmittelbar auf das Pferdeauge gerichtete Lichtquelle eine genauere Untersuchung des Augenhintergrundes, was mit blo\u00dfem menschlichem Auge nur sehr begrenzt m\u00f6glich w\u00e4re.<br \/>\nJede Ankaufsuntersuchung beinhaltet mindestens die klinische Untersuchung. Die weiterf\u00fchrenden Untersuchungen (R\u00f6ntgen, Endoskopie. Ultraschall, usw.) m\u00fcssen immer zus\u00e4tzlich in Auftrag gegeben werden und sind nicht automatisch Teil des Untersuchungsauftrages.<\/p>\n<p>Jede Ankaufsuntersuchung beinhaltet mindestens die klinische Untersuchung. Die weiterf\u00fchrenden Untersuchungen (R\u00f6ntgen, Endoskopie. Ultraschall, usw.) m\u00fcssen immer zus\u00e4tzlich in Auftrag gegeben werden und sind nicht automatisch Teil des Untersuchungsauftrages.<\/p>\n<p><a title=\"R\u00f6ntgenuntersuchung\" href=\"http:\/\/www.hippocheck.com\/ankaufsuntersuchung\/weiterfuhrende-untersuchungen\/rontgenuntersuchung\/\">R\u00f6ntgenuntersuchung<\/a><br \/>\n<a title=\"Laboruntersuchungen\" href=\"http:\/\/www.hippocheck.com\/ankaufsuntersuchung\/weiterfuhrende-untersuchungen\/laboruntersuchungen\/\">Laboruntersuchungen<\/a><br \/>\n<a title=\"Zuchttauglichkeitsuntersuchung\" href=\"http:\/\/www.hippocheck.com\/ankaufsuntersuchung\/weiterfuhrende-untersuchungen\/zuchttauglichkeitsuntersuchung\/\">Gyn\u00e4kologische Untersuchung<\/a><br \/>\n<a title=\"Endoskopie\/Gastroskopie\" href=\"http:\/\/www.hippocheck.com\/ankaufsuntersuchung\/weiterfuhrende-untersuchungen\/endoskopiegastroskopie\/\">Endoskopie\/Gastroskopie<\/a><br \/>\n<a title=\"Ultraschalluntersuchung\" href=\"http:\/\/www.hippocheck.com\/ankaufsuntersuchung\/weiterfuhrende-untersuchungen\/ultraschalluntersuchung\/\">Ultraschalluntersuchung<\/a><br \/>\n<a title=\"Elektrokardiogramm\" href=\"http:\/\/www.hippocheck.com\/ankaufsuntersuchung\/weiterfuhrende-untersuchungen\/elektrokardiogramm\/\">Elektrokardiogramm<\/a><br \/>\n<a title=\"Export-\/Importuntersuchungen\" href=\"http:\/\/www.hippocheck.com\/ankaufsuntersuchung\/weiterfuhrende-untersuchungen\/export-importuntersuchungen\/\">Export\/Importuntersuchung<\/a><\/p>\n","protected":false},"excerpt":{"rendered":"<p>Die tier\u00e4rztliche (An-)kaufuntersuchung beginnt mit einer so genannten klinischen Untersuchung. Diese Untersuchung beinhaltet, dass das betreffende Pferd in seiner Gesamtheit auf \u00e4u\u00dferliche &#8211; beziehungsweise mit einfachen Hilfsmitteln festzustellende \u2013 (Krankheits-)Symptome hin untersucht wird. Die klinische Untersuchung gibt damit einen ersten Gesamt\u00fcberblick \u00fcber den aktuellen Gesundheitszustand des Pferdes und Hinweise darauf, ob festgestellte Auff\u00e4lligkeiten eventuell im [&hellip;]<\/p>\n","protected":false},"author":4,"featured_media":0,"parent":0,"menu_order":2,"comment_status":"open","ping_status":"open","template":"","meta":{"footnotes":""},"class_list":["post-76","page","type-page","status-publish","hentry"],"aioseo_notices":[],"_links":{"self":[{"href":"https:\/\/hippocheck.com\/ankaufsuntersuchung\/wp-json\/wp\/v2\/pages\/76","targetHints":{"allow":["GET"]}}],"collection":[{"href":"https:\/\/hippocheck.com\/ankaufsuntersuchung\/wp-json\/wp\/v2\/pages"}],"about":[{"href":"https:\/\/hippocheck.com\/ankaufsuntersuchung\/wp-json\/wp\/v2\/types\/page"}],"author":[{"embeddable":true,"href":"https:\/\/hippocheck.com\/ankaufsuntersuchung\/wp-json\/wp\/v2\/users\/4"}],"replies":[{"embeddable":true,"href":"https:\/\/hippocheck.com\/ankaufsuntersuchung\/wp-json\/wp\/v2\/comments?post=76"}],"version-history":[{"count":48,"href":"https:\/\/hippocheck.com\/ankaufsuntersuchung\/wp-json\/wp\/v2\/pages\/76\/revisions"}],"predecessor-version":[{"id":465,"href":"https:\/\/hippocheck.com\/ankaufsuntersuchung\/wp-json\/wp\/v2\/pages\/76\/revisions\/465"}],"wp:attachment":[{"href":"https:\/\/hippocheck.com\/ankaufsuntersuchung\/wp-json\/wp\/v2\/media?parent=76"}],"curies":[{"name":"wp","href":"https:\/\/api.w.org\/{rel}","templated":true}]}}