{"id":66,"date":"2011-08-20T08:41:32","date_gmt":"2011-08-20T08:41:32","guid":{"rendered":"http:\/\/www.hippocheck.com\/?page_id=66"},"modified":"2012-04-29T11:36:50","modified_gmt":"2012-04-29T11:36:50","slug":"export-importuntersuchungen","status":"publish","type":"page","link":"https:\/\/hippocheck.com\/ankaufsuntersuchung\/ablauf-der-untersuchungen\/export-importuntersuchungen\/","title":{"rendered":"Export-\/Importuntersuchungen"},"content":{"rendered":"<p>Die geltenden Bestimmungen variieren, je nachdem um welches Import\/Exportland es sich handelt. Bitte informieren sie uns fr\u00fchzeitig, wenn sie vorhaben das zu untersuchende Pferd ins Ausland zu exportieren. Die hierbei durchzuf\u00fchrenden Tests werden von den Speziallabors\u00a0m\u00f6glicherweise nur im Wochenrhythmus durchgef\u00fchrt .<\/p>\n<p>Gerne besorgen wir in Ihrem Namen die f\u00fcr das jeweilige Land entsprechenden Unterlagen und geben die durchzuf\u00fchrenden Untersuchungen (z.B. Antik\u00f6rpertiterbestimmungen) f\u00fcr Sie in Auftrag.<\/p>\n<p>Wenn Sie fragen zu den Exportbestimmungen haben, <a href=\"http:\/\/www.hippocheck.com\/ankaufsuntersuchung\/kontakt\/\">schreiben Sie uns bitte.<\/a> Wir recherchieren gerne f\u00fcr Sie.<\/p>\n","protected":false},"excerpt":{"rendered":"<p>Die geltenden Bestimmungen variieren, je nachdem um welches Import\/Exportland es sich handelt. Bitte informieren sie uns fr\u00fchzeitig, wenn sie vorhaben das zu untersuchende Pferd ins Ausland zu exportieren. Die hierbei durchzuf\u00fchrenden Tests werden von den Speziallabors\u00a0m\u00f6glicherweise nur im Wochenrhythmus durchgef\u00fchrt . Gerne besorgen wir in Ihrem Namen die f\u00fcr das jeweilige Land entsprechenden Unterlagen und [&hellip;]<\/p>\n","protected":false},"author":4,"featured_media":0,"parent":76,"menu_order":7,"comment_status":"open","ping_status":"open","template":"2column_child.php","meta":{"footnotes":""},"class_list":["post-66","page","type-page","status-publish","hentry"],"aioseo_notices":[],"_links":{"self":[{"href":"https:\/\/hippocheck.com\/ankaufsuntersuchung\/wp-json\/wp\/v2\/pages\/66","targetHints":{"allow":["GET"]}}],"collection":[{"href":"https:\/\/hippocheck.com\/ankaufsuntersuchung\/wp-json\/wp\/v2\/pages"}],"about":[{"href":"https:\/\/hippocheck.com\/ankaufsuntersuchung\/wp-json\/wp\/v2\/types\/page"}],"author":[{"embeddable":true,"href":"https:\/\/hippocheck.com\/ankaufsuntersuchung\/wp-json\/wp\/v2\/users\/4"}],"replies":[{"embeddable":true,"href":"https:\/\/hippocheck.com\/ankaufsuntersuchung\/wp-json\/wp\/v2\/comments?post=66"}],"version-history":[{"count":8,"href":"https:\/\/hippocheck.com\/ankaufsuntersuchung\/wp-json\/wp\/v2\/pages\/66\/revisions"}],"predecessor-version":[{"id":334,"href":"https:\/\/hippocheck.com\/ankaufsuntersuchung\/wp-json\/wp\/v2\/pages\/66\/revisions\/334"}],"up":[{"embeddable":true,"href":"https:\/\/hippocheck.com\/ankaufsuntersuchung\/wp-json\/wp\/v2\/pages\/76"}],"wp:attachment":[{"href":"https:\/\/hippocheck.com\/ankaufsuntersuchung\/wp-json\/wp\/v2\/media?parent=66"}],"curies":[{"name":"wp","href":"https:\/\/api.w.org\/{rel}","templated":true}]}}