{"id":63,"date":"2011-08-20T08:39:59","date_gmt":"2011-08-20T08:39:59","guid":{"rendered":"http:\/\/www.hippocheck.com\/?page_id=63"},"modified":"2012-04-29T11:36:19","modified_gmt":"2012-04-29T11:36:19","slug":"elektrokardiogramm","status":"publish","type":"page","link":"https:\/\/hippocheck.com\/ankaufsuntersuchung\/ablauf-der-untersuchungen\/elektrokardiogramm\/","title":{"rendered":"Elektrokardiogramm"},"content":{"rendered":"<p>Das Elektrokardiogramm dient der weitergehenden Untersuchung des Herzens. Die Kontraktionen der Herzmuskelzellen werden durch elektrische Erregungen ausgel\u00f6st, die im so genannten Sinusknoten (im Bereich des rechten Vorhofes befindlich) des Herzens erzeugt und schlie\u00dflich \u00fcber ein spezielles Erregungsleitungssystem weitergeleitet werden.<\/p>\n<p>Die hierbei entstehenden elektrischen Potentiale lassen sich mithilfe von an der K\u00f6rperoberfl\u00e4che angebrachten Messelektroden im zeitlichen Verlauf mithilfe des Elektrokardiographen visualisieren und in Form der so genannten Herzspannungskurve aufzeichnen.<\/p>\n<p>Der Tierarzt hat durch die hierbei gewonnenen Erkenntnisse haupts\u00e4chlich die M\u00f6glichkeit zwischen pathologischen und physiologischen Herzrhythmusst\u00f6rungen des Pferdes zu unterscheiden und diese untereinander zu differenzieren. So genannte physiologische (d.h. nicht krankhafte) Arrhythmien kommen beim Pferd nicht selten vor und verschwinden automatisch wenn das Pferd belastet wird. Hiervon abzugrenzen sind auch unter Belastung bestehende Arrhythmien, die sich massiv auf das Leistungsverm\u00f6gen und Allgemeinbefinden des Pferdes auswirken k\u00f6nnen und dementsprechend beim Pferdekauf auf gar keinen Fall unentdeckt bleiben sollten.<\/p>\n","protected":false},"excerpt":{"rendered":"<p>Das Elektrokardiogramm dient der weitergehenden Untersuchung des Herzens. Die Kontraktionen der Herzmuskelzellen werden durch elektrische Erregungen ausgel\u00f6st, die im so genannten Sinusknoten (im Bereich des rechten Vorhofes befindlich) des Herzens erzeugt und schlie\u00dflich \u00fcber ein spezielles Erregungsleitungssystem weitergeleitet werden. Die hierbei entstehenden elektrischen Potentiale lassen sich mithilfe von an der K\u00f6rperoberfl\u00e4che angebrachten Messelektroden im zeitlichen [&hellip;]<\/p>\n","protected":false},"author":4,"featured_media":0,"parent":76,"menu_order":6,"comment_status":"open","ping_status":"open","template":"2column_child.php","meta":{"footnotes":""},"class_list":["post-63","page","type-page","status-publish","hentry"],"aioseo_notices":[],"_links":{"self":[{"href":"https:\/\/hippocheck.com\/ankaufsuntersuchung\/wp-json\/wp\/v2\/pages\/63","targetHints":{"allow":["GET"]}}],"collection":[{"href":"https:\/\/hippocheck.com\/ankaufsuntersuchung\/wp-json\/wp\/v2\/pages"}],"about":[{"href":"https:\/\/hippocheck.com\/ankaufsuntersuchung\/wp-json\/wp\/v2\/types\/page"}],"author":[{"embeddable":true,"href":"https:\/\/hippocheck.com\/ankaufsuntersuchung\/wp-json\/wp\/v2\/users\/4"}],"replies":[{"embeddable":true,"href":"https:\/\/hippocheck.com\/ankaufsuntersuchung\/wp-json\/wp\/v2\/comments?post=63"}],"version-history":[{"count":4,"href":"https:\/\/hippocheck.com\/ankaufsuntersuchung\/wp-json\/wp\/v2\/pages\/63\/revisions"}],"predecessor-version":[{"id":333,"href":"https:\/\/hippocheck.com\/ankaufsuntersuchung\/wp-json\/wp\/v2\/pages\/63\/revisions\/333"}],"up":[{"embeddable":true,"href":"https:\/\/hippocheck.com\/ankaufsuntersuchung\/wp-json\/wp\/v2\/pages\/76"}],"wp:attachment":[{"href":"https:\/\/hippocheck.com\/ankaufsuntersuchung\/wp-json\/wp\/v2\/media?parent=63"}],"curies":[{"name":"wp","href":"https:\/\/api.w.org\/{rel}","templated":true}]}}