{"id":59,"date":"2011-08-20T08:37:33","date_gmt":"2011-08-20T08:37:33","guid":{"rendered":"http:\/\/www.hippocheck.com\/?page_id=59"},"modified":"2012-04-29T11:34:54","modified_gmt":"2012-04-29T11:34:54","slug":"endoskopiegastroskopie","status":"publish","type":"page","link":"https:\/\/hippocheck.com\/ankaufsuntersuchung\/ablauf-der-untersuchungen\/endoskopiegastroskopie\/","title":{"rendered":"Endoskopie\/Gastroskopie"},"content":{"rendered":"<p>Bei der Endoskopie k\u00f6nnen Schlund, Kehlkopf, die Naseng\u00e4nge, das Gaumensegel und die Trachea des Pferdes mithilfe eines Endoskops, was die aufgenommenen Bilder \u00fcber Glasfaserkabel in einem flexiblen Schlauch an den Untersucher weiterleitet, beurteilt werden. Hierbei wird der Untersucher auf Problematiken aufmerksam, die das Pferd bei der Respiration st\u00f6ren, oder st\u00f6ren k\u00f6nnten.<\/p>\n<p>Dies k\u00f6nnen zum Beispiel Vernarbungen, Tumoren, Polypen, H\u00e4matome, Sekretansammlungen, Ver\u00e4nderungen am Gaumensegel, Kehlkopfl\u00e4hmungen usw. sein. Die Endoskopische Untersuchung ist also vor allem bei Pferden angezeigt, die als Sportpferde genutzt werden und damit k\u00f6rperlich sehr leistungsf\u00e4hig sein m\u00fcssen. Wenn w\u00e4hrend der klinischen Kaufuntersuchung pathologische Atemger\u00e4usche auff\u00e4llig werden, ist eine endoskopische Untersuchung in jedem Fall indiziert. Hierbei ist jedoch anzumerken, dass es sich bei der g\u00e4ngigen endoskopischen Untersuchung um eine Untersuchung in Ruhe -das hei\u00dft um eine Untersuchung im Stehen- handelt. Die einwandfreie Funktion in Ruhe ist leider nicht immer unbedingt mit der unter Belastung gleichzusetzen.<\/p>\n<p>Eine Gastroskopie ist bei Verdacht auf Magengeschw\u00fcre angezeigt und wird nur in Ausnahmef\u00e4llen durchgef\u00fchrt, da diese auf der einen Seite relativ h\u00e4ufig vorkommen und auf der anderen Seite meistens gut behandelbar sind.<\/p>\n","protected":false},"excerpt":{"rendered":"<p>Bei der Endoskopie k\u00f6nnen Schlund, Kehlkopf, die Naseng\u00e4nge, das Gaumensegel und die Trachea des Pferdes mithilfe eines Endoskops, was die aufgenommenen Bilder \u00fcber Glasfaserkabel in einem flexiblen Schlauch an den Untersucher weiterleitet, beurteilt werden. Hierbei wird der Untersucher auf Problematiken aufmerksam, die das Pferd bei der Respiration st\u00f6ren, oder st\u00f6ren k\u00f6nnten. Dies k\u00f6nnen zum Beispiel [&hellip;]<\/p>\n","protected":false},"author":4,"featured_media":0,"parent":76,"menu_order":4,"comment_status":"open","ping_status":"open","template":"2column_child.php","meta":{"footnotes":""},"class_list":["post-59","page","type-page","status-publish","hentry"],"aioseo_notices":[],"_links":{"self":[{"href":"https:\/\/hippocheck.com\/ankaufsuntersuchung\/wp-json\/wp\/v2\/pages\/59","targetHints":{"allow":["GET"]}}],"collection":[{"href":"https:\/\/hippocheck.com\/ankaufsuntersuchung\/wp-json\/wp\/v2\/pages"}],"about":[{"href":"https:\/\/hippocheck.com\/ankaufsuntersuchung\/wp-json\/wp\/v2\/types\/page"}],"author":[{"embeddable":true,"href":"https:\/\/hippocheck.com\/ankaufsuntersuchung\/wp-json\/wp\/v2\/users\/4"}],"replies":[{"embeddable":true,"href":"https:\/\/hippocheck.com\/ankaufsuntersuchung\/wp-json\/wp\/v2\/comments?post=59"}],"version-history":[{"count":6,"href":"https:\/\/hippocheck.com\/ankaufsuntersuchung\/wp-json\/wp\/v2\/pages\/59\/revisions"}],"predecessor-version":[{"id":331,"href":"https:\/\/hippocheck.com\/ankaufsuntersuchung\/wp-json\/wp\/v2\/pages\/59\/revisions\/331"}],"up":[{"embeddable":true,"href":"https:\/\/hippocheck.com\/ankaufsuntersuchung\/wp-json\/wp\/v2\/pages\/76"}],"wp:attachment":[{"href":"https:\/\/hippocheck.com\/ankaufsuntersuchung\/wp-json\/wp\/v2\/media?parent=59"}],"curies":[{"name":"wp","href":"https:\/\/api.w.org\/{rel}","templated":true}]}}