{"id":51,"date":"2011-08-20T08:33:00","date_gmt":"2011-08-20T08:33:00","guid":{"rendered":"http:\/\/www.hippocheck.com\/?page_id=51"},"modified":"2012-04-29T11:30:56","modified_gmt":"2012-04-29T11:30:56","slug":"laboruntersuchungen","status":"publish","type":"page","link":"https:\/\/hippocheck.com\/ankaufsuntersuchung\/ablauf-der-untersuchungen\/laboruntersuchungen\/","title":{"rendered":"Laboruntersuchungen"},"content":{"rendered":"<p>Bei Ankaufsuntersuchungen von Pferden werden die so genannten Dopinguntersuchungen auf Entz\u00fcndungshemmer und Schmerzmittel (NSAID) &#8211; die dem Verk\u00e4ufer helfen k\u00f6nnten den tats\u00e4chlichen Gesundheitszustand des Verkaufspferde zu verschleiern &#8211; mittlerweile h\u00e4ufig durchgef\u00fchrt. Die reinen Laborkosten (durchzuf\u00fchren durch ein Dopinglabor \u2013 z.B. der deutschen Sporthochschule in K\u00f6ln) sind allerdings nicht unerheblich und es ist daher oftmals f\u00fcr den Auftraggeber von Vorteil, dem zu untersuchenden Pferd zun\u00e4chst nur Blut abzunehmen und f\u00fcr einen Zeitraum von mindestens 6 Monaten aufbewahren zu lassen. Im Falle einer sp\u00e4teren Unstimmigkeit im Hinblick auf die Gesundheit des gekauften Pferdes kann dann anhand dieser Probe eventuell zum Kaufzeitpunkt stattgefundenes \u201eDoping\u201c des Pferdes nachgewiesen werden.<\/p>\n<p>Es besteht au\u00dferdem die M\u00f6glichkeit, dass das entnommene Blut im Labor zu diagnostischen Zwecken im Rahmen der Kaufuntersuchung untersucht wird. Man unterscheidet hierbei zun\u00e4chst zwischen dem kleinen und dem gro\u00dfen Blutbild. Beim kleinen Blutbild werden zum Beispiel die Anzahl der Erythrozyten, Thrombozyten, Leukozyten, der prozentuale Anteil der Erythrozyten am Gesamtblutbild und andere Parameter bestimmt. Das gro\u00dfe Blutbild beinhaltet zus\u00e4tzlich eine Differenzierung zwischen den verschiedenen Leukozytenhauptgruppen (Granulozyten, Monozyten, Lymphozyten) und eine Beurteilung der Morphologie der Erythro- und Leukozyten. Dazu kommt die M\u00f6glichkeit der chemischen Untersuchung des Blutes, wobei verschiedene Stoffwechselprodukte, Enzyme, Elektrolyte etc. bestimmt werden k\u00f6nnen Ein \u00fcberh\u00f6htes Vorkommen bestimmter Stoffswechselprodukte oder Enzyme kann beispielsweise darauf hindeuten, dass das die Stoffwechselprodukte bildende oder verarbeitende Organ gesch\u00e4digt oder \u00fcberlastet ist. Die hier gewonnenen Erkenntnisse k\u00f6nnen auf diese Weise Hinweise auf m\u00f6glicherweise zun\u00e4chst \u00e4u\u00dferlich nicht sichtbare Krankheiten geben. Weiterhin besteht die M\u00f6glichkeit von:<\/p>\n<p>Parasitologischen Untersuchungen des Kotes<br \/>\nLaboruntersuchungen des Harnes<br \/>\nLaboranalysen von Hautgeschabseln, Tracheal- und Vaginalsekret usw.<br \/>\nUntersuchungen von Tieren pr\u00e4disponierter Rassen auf eine Anf\u00e4lligkeit f\u00fcr das Sommerekzem<\/p>\n","protected":false},"excerpt":{"rendered":"<p>Bei Ankaufsuntersuchungen von Pferden werden die so genannten Dopinguntersuchungen auf Entz\u00fcndungshemmer und Schmerzmittel (NSAID) &#8211; die dem Verk\u00e4ufer helfen k\u00f6nnten den tats\u00e4chlichen Gesundheitszustand des Verkaufspferde zu verschleiern &#8211; mittlerweile h\u00e4ufig durchgef\u00fchrt. Die reinen Laborkosten (durchzuf\u00fchren durch ein Dopinglabor \u2013 z.B. der deutschen Sporthochschule in K\u00f6ln) sind allerdings nicht unerheblich und es ist daher oftmals f\u00fcr [&hellip;]<\/p>\n","protected":false},"author":4,"featured_media":0,"parent":76,"menu_order":2,"comment_status":"open","ping_status":"closed","template":"2column_child.php","meta":{"footnotes":""},"class_list":["post-51","page","type-page","status-publish","hentry"],"aioseo_notices":[],"_links":{"self":[{"href":"https:\/\/hippocheck.com\/ankaufsuntersuchung\/wp-json\/wp\/v2\/pages\/51","targetHints":{"allow":["GET"]}}],"collection":[{"href":"https:\/\/hippocheck.com\/ankaufsuntersuchung\/wp-json\/wp\/v2\/pages"}],"about":[{"href":"https:\/\/hippocheck.com\/ankaufsuntersuchung\/wp-json\/wp\/v2\/types\/page"}],"author":[{"embeddable":true,"href":"https:\/\/hippocheck.com\/ankaufsuntersuchung\/wp-json\/wp\/v2\/users\/4"}],"replies":[{"embeddable":true,"href":"https:\/\/hippocheck.com\/ankaufsuntersuchung\/wp-json\/wp\/v2\/comments?post=51"}],"version-history":[{"count":8,"href":"https:\/\/hippocheck.com\/ankaufsuntersuchung\/wp-json\/wp\/v2\/pages\/51\/revisions"}],"predecessor-version":[{"id":329,"href":"https:\/\/hippocheck.com\/ankaufsuntersuchung\/wp-json\/wp\/v2\/pages\/51\/revisions\/329"}],"up":[{"embeddable":true,"href":"https:\/\/hippocheck.com\/ankaufsuntersuchung\/wp-json\/wp\/v2\/pages\/76"}],"wp:attachment":[{"href":"https:\/\/hippocheck.com\/ankaufsuntersuchung\/wp-json\/wp\/v2\/media?parent=51"}],"curies":[{"name":"wp","href":"https:\/\/api.w.org\/{rel}","templated":true}]}}