{"id":342,"date":"2012-04-29T13:13:57","date_gmt":"2012-04-29T13:13:57","guid":{"rendered":"http:\/\/www.hippocheck.com\/ankaufsuntersuchung\/?page_id=342"},"modified":"2013-01-08T23:42:12","modified_gmt":"2013-01-08T23:42:12","slug":"342-2","status":"publish","type":"page","link":"https:\/\/hippocheck.com\/ankaufsuntersuchung\/342-2\/","title":{"rendered":""},"content":{"rendered":"<p><a href=\"http:\/\/www.hippocheck.com\/ankaufsuntersuchung\/wp-content\/uploads\/2012\/04\/Leistungsbeschreibung-f%C3%BCr-Tier%C3%A4rzte-hippocheck.com_08.pdf\">Leistungsbeschreibung f\u00fcr Tier\u00e4rzte<\/a><\/p>\n<p><a href=\"http:\/\/www.hippocheck.com\/ankaufsuntersuchung\/wp-content\/uploads\/2012\/04\/Bestellschein-f%C3%BCr-Tier%C3%A4rzte-hippocheck.com_bestellformular_04.pdf\">Bestellschein f\u00fcr Tier\u00e4rzte<\/a><\/p>\n<p>&nbsp;<\/p>\n<p>Zus\u00e4tzlich pr\u00e4sentiert Hippocheck.com Ihre Praxis auf einschl\u00e4gigen Webseiten interessierten Besuchern aus Ihrer Region. \u00dcber die IP Adresse der Webseitenbesucher wird deren Standort ausgemacht und die entsprechende Praxis\/Klinik zielgruppengenau angezeigt:<\/p>\n<p>&nbsp;<\/p>\n\n\t\t<style type=\"text\/css\">\n\t\t\t#gallery-1 {\n\t\t\t\tmargin: auto;\n\t\t\t}\n\t\t\t#gallery-1 .gallery-item {\n\t\t\t\tfloat: left;\n\t\t\t\tmargin-top: 10px;\n\t\t\t\ttext-align: center;\n\t\t\t\twidth: 25%;\n\t\t\t}\n\t\t\t#gallery-1 img {\n\t\t\t\tborder: 2px solid #cfcfcf;\n\t\t\t}\n\t\t\t#gallery-1 .gallery-caption {\n\t\t\t\tmargin-left: 0;\n\t\t\t}\n\t\t\t\/* see gallery_shortcode() in wp-includes\/media.php *\/\n\t\t<\/style>\n\t\t<div id='gallery-1' class='gallery galleryid-342 gallery-columns-4 gallery-size-thumbnail'><dl class='gallery-item'>\n\t\t\t<dt class='gallery-icon landscape'>\n\t\t\t\t<a href='https:\/\/hippocheck.com\/ankaufsuntersuchung\/wp-content\/uploads\/2012\/04\/Pferdetierarzt-Anzeige.png'><img loading=\"lazy\" decoding=\"async\" width=\"150\" height=\"150\" src=\"https:\/\/hippocheck.com\/ankaufsuntersuchung\/wp-content\/uploads\/2012\/04\/Pferdetierarzt-Anzeige-150x150.png\" class=\"attachment-thumbnail size-thumbnail\" alt=\"\" \/><\/a>\n\t\t\t<\/dt><\/dl>\n\t\t\t<br style='clear: both' \/>\n\t\t<\/div>\n\n<p>&nbsp;<\/p>\n<p>Um die Qualit\u00e4t der angebotenen Dienstleistungen f\u00fcr die Pferdek\u00e4ufer so gut wie m\u00f6glich sichern zu k\u00f6nnen, wird \u00fcber die Eintragung der Tier\u00e4rzte intern entschieden. Hippocheck.com beh\u00e4lt sich die tats\u00e4chliche Eintragung des Datensatzes deshalb vor.<\/p>\n<p>&nbsp;<\/p>\n<p>&nbsp;<\/p>\n<p>&nbsp;<\/p>\n<p>&nbsp;<\/p>\n<p>&nbsp;<\/p>\n<p>&nbsp;<\/p>\n","protected":false},"excerpt":{"rendered":"<p>Leistungsbeschreibung f\u00fcr Tier\u00e4rzte Bestellschein f\u00fcr Tier\u00e4rzte &nbsp; Zus\u00e4tzlich pr\u00e4sentiert Hippocheck.com Ihre Praxis auf einschl\u00e4gigen Webseiten interessierten Besuchern aus Ihrer Region. \u00dcber die IP Adresse der Webseitenbesucher wird deren Standort ausgemacht und die entsprechende Praxis\/Klinik zielgruppengenau angezeigt: &nbsp; &nbsp; Um die Qualit\u00e4t der angebotenen Dienstleistungen f\u00fcr die Pferdek\u00e4ufer so gut wie m\u00f6glich sichern zu k\u00f6nnen, wird [&hellip;]<\/p>\n","protected":false},"author":4,"featured_media":0,"parent":0,"menu_order":0,"comment_status":"open","ping_status":"open","template":"","meta":{"footnotes":""},"class_list":["post-342","page","type-page","status-publish","hentry"],"aioseo_notices":[],"_links":{"self":[{"href":"https:\/\/hippocheck.com\/ankaufsuntersuchung\/wp-json\/wp\/v2\/pages\/342","targetHints":{"allow":["GET"]}}],"collection":[{"href":"https:\/\/hippocheck.com\/ankaufsuntersuchung\/wp-json\/wp\/v2\/pages"}],"about":[{"href":"https:\/\/hippocheck.com\/ankaufsuntersuchung\/wp-json\/wp\/v2\/types\/page"}],"author":[{"embeddable":true,"href":"https:\/\/hippocheck.com\/ankaufsuntersuchung\/wp-json\/wp\/v2\/users\/4"}],"replies":[{"embeddable":true,"href":"https:\/\/hippocheck.com\/ankaufsuntersuchung\/wp-json\/wp\/v2\/comments?post=342"}],"version-history":[{"count":10,"href":"https:\/\/hippocheck.com\/ankaufsuntersuchung\/wp-json\/wp\/v2\/pages\/342\/revisions"}],"predecessor-version":[{"id":356,"href":"https:\/\/hippocheck.com\/ankaufsuntersuchung\/wp-json\/wp\/v2\/pages\/342\/revisions\/356"}],"wp:attachment":[{"href":"https:\/\/hippocheck.com\/ankaufsuntersuchung\/wp-json\/wp\/v2\/media?parent=342"}],"curies":[{"name":"wp","href":"https:\/\/api.w.org\/{rel}","templated":true}]}}