{"id":2,"date":"2011-08-19T16:48:54","date_gmt":"2011-08-19T16:48:54","guid":{"rendered":"http:\/\/hippocheck.com\/?page_id=2"},"modified":"2022-03-01T07:13:52","modified_gmt":"2022-03-01T07:13:52","slug":"ankaufsuntersuchung-aku-bei-hippocheck-com","status":"publish","type":"page","link":"https:\/\/hippocheck.com\/ankaufsuntersuchung\/","title":{"rendered":"Home"},"content":{"rendered":"<table>\n<tbody>\n<tr>\n<td><iframe loading=\"lazy\" style=\"border: 0pt none;\" src=\"https:\/\/hippocheck.com\/gmaps\/\" name=\"Tierarzt Map\" width=\"500\" height=\"720\" frameborder=\"0\"><\/iframe><\/td>\n<td style=\"vertical-align: top; padding-left: 10px; padding-right: 10px;\">\n<h1 class=\"front\">Ankaufsuntersuchung beim Pferd<\/h1>\n<p style=\"text-align: justify;\">Pferdeliebhaber suchen immer h\u00e4ufiger \u00fcber das Internet nach einem Verkaufspferd. Wenn Sie den entsprechenden Vierbeiner ausfindig gemacht haben, stehen die angehenden K\u00e4ufer vor einer Vielzahl von Fragen, die den medizinischen Zustand des Pferdes betreffen.<\/p>\n<ul id=\"front\">\n<li>Ist das von mir ausgesuchte Pferd wirklich gesund?<\/li>\n<li>Wer kann mir etwas \u00fcber die Gesundheit des Pferdes sagen?<\/li>\n<li>Will Ich den Aussagen des Verk\u00e4ufers oder seines \u00a0Tierarztes glauben?<\/li>\n<li>Gibt es in der Region unabh\u00e4ngige Tier\u00e4rzte f\u00fcr \u00a0Ankaufsuntersuchungen, die ich kontaktieren kann?<\/li>\n<li>Und wenn ja, wie finde ich vor Ort einen entsprechenden Tierarzt f\u00fcr eine\u00a0Ankaufsuntersuchung?<\/li>\n<\/ul>\n<h2>Zielgenaue Suche nach Tier\u00e4rzten f\u00fcr Ankaufsuntersuchungen<\/h2>\n<p style=\"text-align: justify;\">Hippocheck.com bietet dem angehenden Pferdek\u00e4ufer ein deutschlandweites Verzeichnis mit unabh\u00e4ngigen Tier\u00e4rzten zur Durchf\u00fchrung einer Ankaufsuntersuchung\/Kaufuntersuchungen an. Hat der Interessent ein Tier gefunden, das seinen Anforderungen entspricht, so kann er \u00fcber Hippocheck.com:<\/p>\n<ul id=\"front\">\n<li>Einen Tierarzt f\u00fcr eine Ankaufsuntersuchung suchen<\/li>\n<li>\u00c4rzte f\u00fcr Ankaufsuntersuchungen miteinander vergleichen (Leistungsspektrum, Erfahrungen, Praxisradius),<\/li>\n<li>Informationen \u00fcber Ankaufsuntersuchungen einholen<\/li>\n<li>Kontakt zum jeweiligen Tierarzt f\u00fcr die Ankaufsuntersuchung aufnehmen<\/li>\n<\/ul>\n<p style=\"text-align: justify;\">Wir w\u00fcnschen Ihnen alles Gute beim Pferdekauf,<\/p>\n<p style=\"text-align: left;\">Ihr Hippocheck Team!<\/p>\n<\/td>\n<\/tr>\n<\/tbody>\n<\/table>\n<p><iframe loading=\"lazy\" style=\"border: 0pt none;\" src=\"https:\/\/www.hippocheck.com\/gmaps\/next_ta\/\" name=\"next_ta\" width=\"940\" height=\"160\" frameborder=\"0\"><\/iframe><\/p>\n","protected":false},"excerpt":{"rendered":"<p>Ankaufsuntersuchung beim Pferd Pferdeliebhaber suchen immer h\u00e4ufiger \u00fcber das Internet nach einem Verkaufspferd. Wenn Sie den entsprechenden Vierbeiner ausfindig gemacht haben, stehen die angehenden K\u00e4ufer vor einer Vielzahl von Fragen, die den medizinischen Zustand des Pferdes betreffen. Ist das von mir ausgesuchte Pferd wirklich gesund? Wer kann mir etwas \u00fcber die Gesundheit des Pferdes sagen? [&hellip;]<\/p>\n","protected":false},"author":4,"featured_media":0,"parent":0,"menu_order":1,"comment_status":"open","ping_status":"closed","template":"1column.php","meta":{"footnotes":""},"class_list":["post-2","page","type-page","status-publish","hentry"],"aioseo_notices":[],"_links":{"self":[{"href":"https:\/\/hippocheck.com\/ankaufsuntersuchung\/wp-json\/wp\/v2\/pages\/2","targetHints":{"allow":["GET"]}}],"collection":[{"href":"https:\/\/hippocheck.com\/ankaufsuntersuchung\/wp-json\/wp\/v2\/pages"}],"about":[{"href":"https:\/\/hippocheck.com\/ankaufsuntersuchung\/wp-json\/wp\/v2\/types\/page"}],"author":[{"embeddable":true,"href":"https:\/\/hippocheck.com\/ankaufsuntersuchung\/wp-json\/wp\/v2\/users\/4"}],"replies":[{"embeddable":true,"href":"https:\/\/hippocheck.com\/ankaufsuntersuchung\/wp-json\/wp\/v2\/comments?post=2"}],"version-history":[{"count":125,"href":"https:\/\/hippocheck.com\/ankaufsuntersuchung\/wp-json\/wp\/v2\/pages\/2\/revisions"}],"predecessor-version":[{"id":475,"href":"https:\/\/hippocheck.com\/ankaufsuntersuchung\/wp-json\/wp\/v2\/pages\/2\/revisions\/475"}],"wp:attachment":[{"href":"https:\/\/hippocheck.com\/ankaufsuntersuchung\/wp-json\/wp\/v2\/media?parent=2"}],"curies":[{"name":"wp","href":"https:\/\/api.w.org\/{rel}","templated":true}]}}