{"id":172,"date":"2011-08-26T06:01:17","date_gmt":"2011-08-26T06:01:17","guid":{"rendered":"http:\/\/www.hippocheck.com\/?page_id=172"},"modified":"2015-10-07T16:23:54","modified_gmt":"2015-10-07T16:23:54","slug":"impressum","status":"publish","type":"page","link":"https:\/\/hippocheck.com\/ankaufsuntersuchung\/impressum\/","title":{"rendered":"Impressum"},"content":{"rendered":"<p>&nbsp;<\/p>\n<p>F\u00fcr die \u00fcber die Internetpr\u00e4senz www.hippocheck.com durch den unten genannten Herausgeber bereitgestellten Dienstleistungen.<\/p>\n<p>Herausgeber:<br \/>\nTierarzt Benjamin Fuhrmann &#8211; Ludgeriplatz 2- 48151 M\u00fcnster &#8211; 0163\/4714211<br \/>\n\u00a9 Copyright www.hippocheck.com<br \/>\nStand 2015<br \/>\nBildnachweis:<br \/>\nBei den auf der Webseite verwendeten Bildern handelt es sich um Aufnahmen des Herausgebers. Das Headerbild stammt von Fotolia (www.Fotolia.de)<\/p>\n<p>&#8212;&#8212;&#8212;&#8212;&#8212;&#8212;&#8212;&#8212;&#8212;&#8212;&#8212;&#8212;&#8212;&#8212;&#8212;&#8212;&#8212;&#8212;&#8212;&#8212;&#8212;&#8212;&#8212;&#8212;&#8212;&#8212;&#8212;&#8212;&#8212;&#8212;&#8212;&#8212;&#8212;&#8212;&#8212;&#8212;&#8212;&#8212;&#8212;&#8212;&#8212;&#8212;&#8212;&#8212;&#8212;&#8212;&#8212;&#8212;&#8212;&#8212;&#8212;&#8212;<\/p>\n<p>Die teilnehmenden Tier\u00e4rzte unterliegen den berufsrechtlichen Regelungen und sind \u00fcber die jeweiligen Tier\u00e4rztekammern standesrechtlich organisiert:<\/p>\n\n\t\t<style type=\"text\/css\">\n\t\t\t#gallery-1 {\n\t\t\t\tmargin: auto;\n\t\t\t}\n\t\t\t#gallery-1 .gallery-item {\n\t\t\t\tfloat: left;\n\t\t\t\tmargin-top: 10px;\n\t\t\t\ttext-align: center;\n\t\t\t\twidth: 33%;\n\t\t\t}\n\t\t\t#gallery-1 img {\n\t\t\t\tborder: 2px solid #cfcfcf;\n\t\t\t}\n\t\t\t#gallery-1 .gallery-caption {\n\t\t\t\tmargin-left: 0;\n\t\t\t}\n\t\t\t\/* see gallery_shortcode() in wp-includes\/media.php *\/\n\t\t<\/style>\n\t\t<div id='gallery-1' class='gallery galleryid-172 gallery-columns-3 gallery-size-thumbnail'><dl class='gallery-item'>\n\t\t\t<dt class='gallery-icon portrait'>\n\t\t\t\t<a href='https:\/\/hippocheck.com\/ankaufsuntersuchung\/impressum\/attachment\/1\/'><img loading=\"lazy\" decoding=\"async\" width=\"150\" height=\"150\" src=\"https:\/\/hippocheck.com\/ankaufsuntersuchung\/wp-content\/uploads\/2011\/08\/1-150x150.png\" class=\"attachment-thumbnail size-thumbnail\" alt=\"\" \/><\/a>\n\t\t\t<\/dt><\/dl><dl class='gallery-item'>\n\t\t\t<dt class='gallery-icon portrait'>\n\t\t\t\t<a href='https:\/\/hippocheck.com\/ankaufsuntersuchung\/impressum\/attachment\/2\/'><img loading=\"lazy\" decoding=\"async\" width=\"150\" height=\"150\" src=\"https:\/\/hippocheck.com\/ankaufsuntersuchung\/wp-content\/uploads\/2011\/08\/2-150x150.png\" class=\"attachment-thumbnail size-thumbnail\" alt=\"\" \/><\/a>\n\t\t\t<\/dt><\/dl><dl class='gallery-item'>\n\t\t\t<dt class='gallery-icon landscape'>\n\t\t\t\t<a href='https:\/\/hippocheck.com\/ankaufsuntersuchung\/impressum\/attachment\/3\/'><img loading=\"lazy\" decoding=\"async\" width=\"150\" height=\"150\" src=\"https:\/\/hippocheck.com\/ankaufsuntersuchung\/wp-content\/uploads\/2011\/08\/3-150x150.png\" class=\"attachment-thumbnail size-thumbnail\" alt=\"\" \/><\/a>\n\t\t\t<\/dt><\/dl><br style=\"clear: both\" \/>\n\t\t<\/div>\n\n<p>Angaben gem\u00e4\u00df \u00a7 5 TMG:<\/p>\n<p>Pferdedoktor.de, Hippocheck.de, Hippocheck.com und Ankaufsuntersuchung-Pferd.de<br \/>\nwerden betrieben von:<br \/>\nBenjamin Fuhrmann<br \/>\nUmsatzsteuer-IdNr: 89 526 437 088<\/p>\n<p>Haftungsausschluss:<br \/>\nHaftung f\u00fcr durchgef\u00fchrte Ankaufs\/Verkaufsuntersuchungen<br \/>\nDer Betreiber dieser Webseite haftet ausdr\u00fccklich nicht f\u00fcr die durchgef\u00fchrten Ankaufsuntersuchungen. Die Haftung obliegt grunds\u00e4tzlich dem untersuchenden Tierarzt, bzw. der Praxis oder Klinik f\u00fcr die er t\u00e4tig wird. Sowohl Auftraggeber als auch Auftragnehmer akzeptieren diese Bedingung wenn Sie die hiermit bereitgestellte Serviceleistung in Anspruch nehmen.<br \/>\nHaftung f\u00fcr Inhalte<br \/>\nDie Inhalte unserer Seiten wurden mit gr\u00f6\u00dfter Sorgfalt erstellt. F\u00fcr die Richtigkeit, Vollst\u00e4ndigkeit und Aktualit\u00e4t der Inhalte k\u00f6nnen wir jedoch keine Gew\u00e4hr \u00fcbernehmen. Als Diensteanbieter sind wir gem\u00e4\u00df \u00a7 7 Abs.1 TMG f\u00fcr eigene Inhalte auf diesen Seiten nach den allgemeinen Gesetzen verantwortlich. Nach \u00a7\u00a7 8 bis 10 TMG sind wir als Diensteanbieter jedoch nicht verpflichtet, \u00fcbermittelte oder gespeicherte fremde Informationen zu \u00fcberwachen oder nach Umst\u00e4nden zu forschen, die auf eine rechtswidrige T\u00e4tigkeit hinweisen. Verpflichtungen zur Entfernung oder Sperrung der Nutzung von Informationen nach den allgemeinen Gesetzen bleiben hiervon unber\u00fchrt. Eine diesbez\u00fcgliche Haftung ist jedoch erst ab dem Zeitpunkt der Kenntnis einer konkreten Rechtsverletzung m\u00f6glich. Bei Bekanntwerden von entsprechenden Rechtsverletzungen werden wir diese Inhalte umgehend entfernen.<br \/>\nHaftung f\u00fcr Links<br \/>\nUnser Angebot enth\u00e4lt Links zu externen Webseiten Dritter, auf deren Inhalte wir keinen Einfluss haben. Deshalb k\u00f6nnen wir f\u00fcr diese fremden Inhalte auch keine Gew\u00e4hr \u00fcbernehmen. F\u00fcr die Inhalte der verlinkten Seiten ist stets der jeweilige Anbieter oder Betreiber der Seiten verantwortlich. Die verlinkten Seiten wurden zum Zeitpunkt der Verlinkung auf m\u00f6gliche Rechtsverst\u00f6\u00dfe \u00fcberpr\u00fcft. Rechtswidrige Inhalte waren zum Zeitpunkt der Verlinkung nicht erkennbar. Eine permanente inhaltliche Kontrolle der verlinkten Seiten ist jedoch ohne konkrete Anhaltspunkte einer Rechtsverletzung nicht zumutbar. Bei Bekanntwerden von Rechtsverletzungen werden wir derartige Links umgehend entfernen.<br \/>\nUrheberrecht<br \/>\nDie durch die Seitenbetreiber erstellten Inhalte und Werke auf diesen Seiten unterliegen dem deutschen Urheberrecht. Die Vervielf\u00e4ltigung, Bearbeitung, Verbreitung und jede Art der Verwertung au\u00dferhalb der Grenzen des Urheberrechtes bed\u00fcrfen der schriftlichen Zustimmung des jeweiligen Autors bzw. Erstellers. Downloads und Kopien dieser Seite sind nur f\u00fcr den privaten, nicht kommerziellen Gebrauch gestattet. Soweit die Inhalte auf dieser Seite nicht vom Betreiber erstellt wurden, werden die Urheberrechte Dritter beachtet. Insbesondere werden Inhalte Dritter als solche gekennzeichnet. Sollten Sie trotzdem auf eine Urheberrechtsverletzung aufmerksam werden, bitten wir um einen entsprechenden Hinweis. Bei Bekanntwerden von Rechtsverletzungen werden wir derartige Inhalte umgehend entfernen.<br \/>\nDatenschutz<br \/>\nDie Nutzung unserer Webseite ist in der Regel ohne Angabe personenbezogener Daten m\u00f6glich. Soweit auf unseren Seiten personenbezogene Daten (beispielsweise Name, Anschrift oder eMail-Adressen) erhoben werden, erfolgt dies, soweit m\u00f6glich, stets auf freiwilliger Basis. Diese Daten werden ohne Ihre ausdr\u00fcckliche Zustimmung nicht an Dritte weitergegeben.<br \/>\nWir weisen darauf hin, dass die Daten\u00fcbertragung im Internet (z.B. bei der Kommunikation per E-Mail) Sicherheitsl\u00fccken aufweisen kann. Ein l\u00fcckenloser Schutz der Daten vor dem Zugriff durch Dritte ist nicht m\u00f6glich.<br \/>\nDer Nutzung von im Rahmen der Impressumspflicht ver\u00f6ffentlichten Kontaktdaten durch Dritte zur \u00dcbersendung von nicht ausdr\u00fccklich angeforderter Werbung und Informationsmaterialien wird hiermit ausdr\u00fccklich widersprochen. Die Betreiber der Seiten behalten sich ausdr\u00fccklich rechtliche Schritte im Falle der unverlangten Zusendung von Werbeinformationen, etwa durch Spam-Mails, vor.<br \/>\nQuelle: Disclaimer von eRecht24, dem Portal zum Internetrecht von Rechtsanwalt S\u00f6ren Siebert.<\/p>\n","protected":false},"excerpt":{"rendered":"<p>&nbsp; F\u00fcr die \u00fcber die Internetpr\u00e4senz www.hippocheck.com durch den unten genannten Herausgeber bereitgestellten Dienstleistungen. Herausgeber: Tierarzt Benjamin Fuhrmann &#8211; Ludgeriplatz 2- 48151 M\u00fcnster &#8211; 0163\/4714211 \u00a9 Copyright www.hippocheck.com Stand 2015 Bildnachweis: Bei den auf der Webseite verwendeten Bildern handelt es sich um Aufnahmen des Herausgebers. Das Headerbild stammt von Fotolia (www.Fotolia.de) &#8212;&#8212;&#8212;&#8212;&#8212;&#8212;&#8212;&#8212;&#8212;&#8212;&#8212;&#8212;&#8212;&#8212;&#8212;&#8212;&#8212;&#8212;&#8212;&#8212;&#8212;&#8212;&#8212;&#8212;&#8212;&#8212;&#8212;&#8212;&#8212;&#8212;&#8212;&#8212;&#8212;&#8212;&#8212;&#8212;&#8212;&#8212;&#8212;&#8212;&#8212;&#8212;&#8212;&#8212;&#8212;&#8212;&#8212;&#8212;&#8212;&#8212;&#8212;&#8212; Die teilnehmenden Tier\u00e4rzte [&hellip;]<\/p>\n","protected":false},"author":4,"featured_media":0,"parent":0,"menu_order":98,"comment_status":"open","ping_status":"open","template":"","meta":{"footnotes":""},"class_list":["post-172","page","type-page","status-publish","hentry"],"aioseo_notices":[],"_links":{"self":[{"href":"https:\/\/hippocheck.com\/ankaufsuntersuchung\/wp-json\/wp\/v2\/pages\/172","targetHints":{"allow":["GET"]}}],"collection":[{"href":"https:\/\/hippocheck.com\/ankaufsuntersuchung\/wp-json\/wp\/v2\/pages"}],"about":[{"href":"https:\/\/hippocheck.com\/ankaufsuntersuchung\/wp-json\/wp\/v2\/types\/page"}],"author":[{"embeddable":true,"href":"https:\/\/hippocheck.com\/ankaufsuntersuchung\/wp-json\/wp\/v2\/users\/4"}],"replies":[{"embeddable":true,"href":"https:\/\/hippocheck.com\/ankaufsuntersuchung\/wp-json\/wp\/v2\/comments?post=172"}],"version-history":[{"count":19,"href":"https:\/\/hippocheck.com\/ankaufsuntersuchung\/wp-json\/wp\/v2\/pages\/172\/revisions"}],"predecessor-version":[{"id":217,"href":"https:\/\/hippocheck.com\/ankaufsuntersuchung\/wp-json\/wp\/v2\/pages\/172\/revisions\/217"}],"wp:attachment":[{"href":"https:\/\/hippocheck.com\/ankaufsuntersuchung\/wp-json\/wp\/v2\/media?parent=172"}],"curies":[{"name":"wp","href":"https:\/\/api.w.org\/{rel}","templated":true}]}}